{"id":19218,"date":"2025-10-22T22:18:47","date_gmt":"2025-10-22T20:18:47","guid":{"rendered":"https:\/\/www.gigamobile.ch\/collaboration-microsoft-365\/"},"modified":"2025-12-09T10:50:51","modified_gmt":"2025-12-09T09:50:51","slug":"collaboration-microsoft-365","status":"publish","type":"page","link":"https:\/\/www.gigamobile.ch\/fr\/collaboration-microsoft-365\/","title":{"rendered":"Collaboration Microsoft 365"},"content":{"rendered":"\t\t<div data-elementor-type=\"wp-page\" data-elementor-id=\"19218\" class=\"elementor elementor-19218 elementor-17647\">\n\t\t\t\t\t\t<section class=\"elementor-section elementor-top-section elementor-element elementor-element-6fc456f0 elementor-section-stretched elementor-section-full_width elementor-section-height-default elementor-section-height-default\" data-id=\"6fc456f0\" data-element_type=\"section\" data-settings=\"{&quot;stretch_section&quot;:&quot;section-stretched&quot;,&quot;background_background&quot;:&quot;classic&quot;}\">\n\t\t\t\t\t\t<div class=\"elementor-container elementor-column-gap-no\">\n\t\t\t\t\t<div class=\"elementor-column elementor-col-100 elementor-top-column elementor-element elementor-element-4bfef90a\" data-id=\"4bfef90a\" data-element_type=\"column\">\n\t\t\t<div class=\"elementor-widget-wrap elementor-element-populated\">\n\t\t\t\t\t\t<section class=\"elementor-section elementor-inner-section elementor-element elementor-element-30be30c7 elementor-section-boxed elementor-section-height-default elementor-section-height-default\" data-id=\"30be30c7\" data-element_type=\"section\">\n\t\t\t\t\t\t<div class=\"elementor-container elementor-column-gap-default\">\n\t\t\t\t\t<div class=\"elementor-column elementor-col-100 elementor-inner-column elementor-element elementor-element-6fc87e2d\" data-id=\"6fc87e2d\" data-element_type=\"column\">\n\t\t\t<div class=\"elementor-widget-wrap elementor-element-populated\">\n\t\t\t\t\t\t<div class=\"elementor-element elementor-element-646dd214 elementor-widget elementor-widget-pix-badge\" data-id=\"646dd214\" data-element_type=\"widget\" data-widget_type=\"pix-badge.default\">\n\t\t\t\t<div class=\"elementor-widget-container\">\n\t\t\t\t\t<div class=\"pix-element-div w-100 text-center\"><span class=\"pix-badge-element h6 d-inline-flex mr-1 \"  ><span class=\"badge font-weight-bold badge-pill  bg-gray-8  \" style=\" \"><span class=\"text-white\" style=\"\">Collaboration<\/span><\/span><\/span><\/div>\t\t\t\t<\/div>\n\t\t\t\t<\/div>\n\t\t\t\t<div class=\"elementor-element elementor-element-12b9ea33 elementor-widget elementor-widget-pix-sliding-text\" data-id=\"12b9ea33\" data-element_type=\"widget\" data-widget_type=\"pix-sliding-text.default\">\n\t\t\t\t<div class=\"elementor-widget-container\">\n\t\t\t\t\t<div id=\"el-12b9ea33\" class=\"mb-3 text-center \"><div class=\"d-inline-block\" style=\"max-width:1000px;\"><h3 class=\"mb-32 pix-sliding-headline-2 animate-in font-weight-bold secondary-font \" data-anim-type=\"pix-sliding-text\" pix-anim-delay=\"500\" data-class=\"secondary-font text-white\" style=\"\"><span class=\"slide-in-container \"><span class=\"pix-sliding-item secondary-font text-white\" style=\"transition-delay: 0ms;\">Services&#32;<\/span><\/span> <span class=\"slide-in-container \"><span class=\"pix-sliding-item secondary-font text-white\" style=\"transition-delay: 150ms;\">g\u00e9r\u00e9s&#32;<\/span><\/span> <span class=\"slide-in-container \"><span class=\"pix-sliding-item secondary-font text-white\" style=\"transition-delay: 300ms;\">Microsoft&#32;<\/span><\/span> <span class=\"slide-in-container \"><span class=\"pix-sliding-item secondary-font text-white\" style=\"transition-delay: 450ms;\">365&#32;<\/span><\/span> <\/h3><\/div><\/div>\t\t\t\t<\/div>\n\t\t\t\t<\/div>\n\t\t\t\t<div class=\"elementor-element elementor-element-58279010 elementor-invisible elementor-widget elementor-widget-pix-text\" data-id=\"58279010\" data-element_type=\"widget\" data-widget_type=\"pix-text.default\">\n\t\t\t\t<div class=\"elementor-widget-container\">\n\t\t\t\t\t<div class=\"pix-el-text w-100 text-center \" ><div class=\"d-inline-block\" style=\"max-width:500px;\"><p class=\"text-18 resp-option text-white text-center \" ><span class=\"text-white animate-in d-inline-block\" data-anim-delay=\"1000\" data-anim-type=\"fade-in-up\">Solutions Microsoft 365 g\u00e9r\u00e9es, incluant la gestion des licences Microsoft avec la suite Office et Exchange pour votre entreprise. <\/span><\/p><\/div><\/div>\t\t\t\t<\/div>\n\t\t\t\t<\/div>\n\t\t\t\t\t<\/div>\n\t\t<\/div>\n\t\t\t\t\t<\/div>\n\t\t<\/section>\n\t\t\t\t\t<\/div>\n\t\t<\/div>\n\t\t\t\t\t<\/div>\n\t\t<\/section>\n\t\t\t\t<section class=\"elementor-section elementor-top-section elementor-element elementor-element-7eea9f78 elementor-section-stretched elementor-section-boxed elementor-section-height-default elementor-section-height-default\" data-id=\"7eea9f78\" data-element_type=\"section\" id=\"pix_section_services\" data-settings=\"{&quot;stretch_section&quot;:&quot;section-stretched&quot;,&quot;background_background&quot;:&quot;classic&quot;}\">\n\t\t\t\t\t\t<div class=\"elementor-container elementor-column-gap-default\">\n\t\t\t\t\t<div class=\"elementor-column elementor-col-33 elementor-top-column elementor-element elementor-element-67f5414\" data-id=\"67f5414\" data-element_type=\"column\" data-settings=\"{&quot;background_background&quot;:&quot;classic&quot;}\">\n\t\t\t<div class=\"elementor-widget-wrap elementor-element-populated\">\n\t\t\t\t\t\t<section class=\"sticky-top pix-sticky-top-adjust elementor-section elementor-inner-section elementor-element elementor-element-ea82749 elementor-section-boxed elementor-section-height-default elementor-section-height-default\" data-id=\"ea82749\" data-element_type=\"section\" data-settings=\"{&quot;background_background&quot;:&quot;classic&quot;}\">\n\t\t\t\t\t\t<div class=\"elementor-container elementor-column-gap-default\">\n\t\t\t\t\t<div class=\"elementor-column elementor-col-100 elementor-inner-column elementor-element elementor-element-3342b241\" data-id=\"3342b241\" data-element_type=\"column\">\n\t\t\t<div class=\"elementor-widget-wrap elementor-element-populated\">\n\t\t\t\t\t\t<div class=\"elementor-element elementor-element-491053a elementor-invisible elementor-widget elementor-widget-pix-heading\" data-id=\"491053a\" data-element_type=\"widget\" data-widget_type=\"pix-heading.default\">\n\t\t\t\t<div class=\"elementor-widget-container\">\n\t\t\t\t\t<div  class=\"pix-heading-el text-left \"><h3 class=\"text-white font-weight-bold h3 animate-in heading-text el-title_custom_color mb-12\" style=\"\" data-anim-type=\"fade-in-up\" data-anim-delay=\"200\">M365 Managed<\/h3><\/div>\t\t\t\t<\/div>\n\t\t\t\t<\/div>\n\t\t\t\t<div class=\"elementor-element elementor-element-4cd819aa elementor-invisible elementor-widget elementor-widget-pix-text\" data-id=\"4cd819aa\" data-element_type=\"widget\" data-widget_type=\"pix-text.default\">\n\t\t\t\t<div class=\"elementor-widget-container\">\n\t\t\t\t\t<div class=\"pix-el-text w-100 text-left \" ><p class=\"text-18 resp-option text-light-opacity-5 text-left \" ><span class=\"text-light-opacity-5 animate-in d-inline-block\" data-anim-delay=\"600\" data-anim-type=\"fade-in-up\">Contactez d\u00e8s maintenant notre \u00e9quipe de vente pour demander un devis sans engagement<\/span><\/p><\/div>\t\t\t\t<\/div>\n\t\t\t\t<\/div>\n\t\t\t\t<div class=\"elementor-element elementor-element-37a06ac elementor-widget__width-auto elementor-widget elementor-widget-pix-button\" data-id=\"37a06ac\" data-element_type=\"widget\" data-widget_type=\"pix-button.default\">\n\t\t\t\t<div class=\"elementor-widget-container\">\n\t\t\t\t\t<a  href=\"\/kontakt\/\" class=\"btn m-0     shadow-sm btn-primary d-inline-flex align-items-center pix-hover-item       animate-in btn-md\"   data-anim-type=\"fade-in-left\" data-anim-delay=\"600\" ><svg class=\"pixfort-icon font-weight-bold  pix-hover-left  mr-2\" width=\"24\" height=\"24\"  data-name=\"Line\/pixfort-icon-telephone-2\" viewBox=\"2 2 20 20\"><path fill=\"none\" stroke=\"var(--pf-icon-color)\" stroke-linecap=\"round\" stroke-linejoin=\"round\" stroke-width=\"var(--pf-icon-stroke-width)\" d=\"M3.64443207,10.7399821 C5.34917894,13.9572233 10.3942405,18.3502741 13.9143823,19.7738146 C17.4345241,21.1973552 20.3182809,19.0364497 21.0109929,17.2357962 C20.3548559,15.9354503 19.2414842,15.1292483 17.6708778,14.8171903 C17.350295,14.7533761 17.0191843,14.8516981 16.7844241,15.0791432 L15.2680291,16.562207 L15.2680291,16.562207 C12.3861181,14.9240262 9.52300308,13.0620046 7.15376934,9.59974663 L8.63039328,7.52045709 C8.86558422,7.19267873 8.87859669,6.75561591 8.66544987,6.41309874 C7.88217193,5.16649554 6.77674828,4.19437148 5.34917894,3.49672655 C3.63844657,4.35209273 2.28871876,7.73998213 3.64443207,10.7399821 Z\"\/><\/svg><span class=\"font-weight-bold \" >0800 900 900<\/span><\/a>\t\t\t\t<\/div>\n\t\t\t\t<\/div>\n\t\t\t\t<div class=\"elementor-element elementor-element-6ee20eb0 fly-sm elementor-invisible elementor-widget elementor-widget-pix-feature\" data-id=\"6ee20eb0\" data-element_type=\"widget\" data-widget_type=\"pix-feature.default\">\n\t\t\t\t<div class=\"elementor-widget-container\">\n\t\t\t\t\t<a href=\"\/kontakt\/\" ><div id=\"pix-feature-6ee20eb0\" class=\"pix-feature-el media \"><div class=\"pix-feature-icon pix-feature-icon-outer mr-3 mw-100 d-flex text-white animate-in\" data-anim-type=\"fade-in-up\" data-anim-delay=\"800\" style=\"font-size:1px;width:1px;aspect-ratio:1\/1 !important;position:relative;line-height:1px;text-align:center;\"><svg class=\"pixfort-icon \" width=\"24\" height=\"24\"  data-name=\"Line\/pixfort-icon-mail-closed-3\" viewBox=\"2 2 20 20\"><path fill=\"none\" stroke=\"var(--pf-icon-color)\" stroke-linecap=\"round\" stroke-linejoin=\"round\" stroke-width=\"var(--pf-icon-stroke-width)\" d=\"M5,5 L19,5 C20.1045695,5 21,5.8954305 21,7 L21,17 C21,18.1045695 20.1045695,19 19,19 L5,19 C3.8954305,19 3,18.1045695 3,17 L3,7 C3,5.8954305 3.8954305,5 5,5 Z M9.5,10.9995761 L3.59082089,18.4037252 M14.5,10.9995761 L20.4003124,18.3914607 M3.30149167,5.98779765 L10.7448982,11.9882141 C11.4774541,12.5787556 12.5225812,12.5787994 13.2551866,11.9883193 L20.7,5.98779765 L20.7,5.98779765\"\/><\/svg><\/div><div class=\"media-body text-custom\"><h6 class=\"pix-feature-title font-weight-bold  secondary-font text-white animate-in \" style=\"padding-top:7px;\" data-anim-type=\"fade-in-up\" data-anim-delay=\"900\">Contacter le service commercial<\/h6><div class=\"pix-feature-content text-light-opacity-5      animate-in\" style=\"\" data-anim-type=\"fade-in-up\" data-anim-delay=\"1000\"><\/div><\/div><\/div><\/a>\t\t\t\t<\/div>\n\t\t\t\t<\/div>\n\t\t\t\t\t<\/div>\n\t\t<\/div>\n\t\t\t\t\t<\/div>\n\t\t<\/section>\n\t\t\t\t\t<\/div>\n\t\t<\/div>\n\t\t\t\t<div class=\"elementor-column elementor-col-33 elementor-top-column elementor-element elementor-element-4d4cc9c8\" data-id=\"4d4cc9c8\" data-element_type=\"column\">\n\t\t\t<div class=\"elementor-widget-wrap elementor-element-populated\">\n\t\t\t\t\t\t<div class=\"elementor-element elementor-element-7f3afed elementor-invisible elementor-widget elementor-widget-pix-promo-box\" data-id=\"7f3afed\" data-element_type=\"widget\" data-widget_type=\"pix-promo-box.default\">\n\t\t\t\t<div class=\"elementor-widget-container\">\n\t\t\t\t\t<div class=\"animate-in w-100\" data-anim-type=\"pix-3d-down-in\" data-anim-delay=\"300\"><div class=\"pix-promo-box card w-100 bg-heading-default  pix-hover-item rounded-10 position-relative overflow-hidden text-white    text-left w-100 d-block\"  ><img decoding=\"async\" src=\"https:\/\/www.gigamobile.ch\/wp-content\/uploads\/2025\/10\/modern_business-scaled.jpg\" class=\"card-img pix-bg-image pix-img-scale h-100 rounded-10 pix-opacity-6 pix-hover-opacity-4\" alt=\"De la r\u00e9union au bureau \u00e0 domicile\"><a href=\"#\"  class=\"d-inline-block w-100 pix-img-overlay pix-p-20 d-flex align-items-end\" ><div class=\"w-100\"><div class=\"\"><span class=\"pix-badge-element custom d-inline-flex mr-1 \"  ><span class=\"badge font-weight-bold secondary-font  bg-dark-opacity-3  \" style=\"font-size:12px; \"><span class=\"text-white\" style=\"\">Solutions<\/span><\/span><\/span><\/div><h2 class=\"card-title font-weight-bold secondary-font text-white pix-my-10\" style=\"\">De la r\u00e9union au bureau \u00e0 domicile<\/h2><\/div><\/a><\/div><\/div>\t\t\t\t<\/div>\n\t\t\t\t<\/div>\n\t\t\t\t<div class=\"elementor-element elementor-element-2fea8d40 fly-sm elementor-invisible elementor-widget elementor-widget-pix-feature\" data-id=\"2fea8d40\" data-element_type=\"widget\" data-widget_type=\"pix-feature.default\">\n\t\t\t\t<div class=\"elementor-widget-container\">\n\t\t\t\t\t<div id=\"pix-feature-2fea8d40\" class=\"pix-feature-el text-custom \"><div class=\"pix-feature-icon d-inline-block mw-100 text-white animate-in\" data-anim-type=\"fade-in-up\" data-anim-delay=\"100\" style=\"aspect-ratio:1\/1 !important;position:relative;text-align:center;font-size:1px;line-height:1px;\"><svg class=\"pixfort-icon \" width=\"24\" height=\"24\"  data-name=\"Duotone\/pixfort-icon-reflect-vertical-1\" viewBox=\"2 2 20 20\"><g fill=\"none\" fill-rule=\"evenodd\"><path fill=\"var(--pf-icon-color)\" fill-opacity=\".25\" d=\"M12,2 C12.5522847,2 13,2.44771525 13,3 L13,5 C13,5.55228475 12.5522847,6 12,6 C11.4477153,6 11,5.55228475 11,5 L11,3 C11,2.44771525 11.4477153,2 12,2 Z M12,7.25 C12.5522847,7.25 13,7.69771525 13,8.25 L13,10.25 C13,10.8022847 12.5522847,11.25 12,11.25 C11.4477153,11.25 11,10.8022847 11,10.25 L11,8.25 C11,7.69771525 11.4477153,7.25 12,7.25 Z M12,12.75 C12.5522847,12.75 13,13.1977153 13,13.75 L13,15.75 C13,16.3022847 12.5522847,16.75 12,16.75 C11.4477153,16.75 11,16.3022847 11,15.75 L11,13.75 C11,13.1977153 11.4477153,12.75 12,12.75 Z M12,18 C12.5522847,18 13,18.4477153 13,19 L13,21 C13,21.5522847 12.5522847,22 12,22 C11.4477153,22 11,21.5522847 11,21 L11,19 C11,18.4477153 11.4477153,18 12,18 Z\"\/><path fill=\"var(--pf-icon-color)\" d=\"M3,8 L3,16 C3,16.8385062 3.9699317,17.3046795 4.62469505,16.7808688 L9.62469505,12.7808688 C10.1251017,12.3805435 10.1251017,11.6194565 9.62469505,11.2191312 L4.62469505,7.21913119 C3.9699317,6.69532051 3,7.16149379 3,8 Z M21,8 L21,16 C21,16.8385062 20.0300683,17.3046795 19.375305,16.7808688 L14.375305,12.7808688 C13.8748983,12.3805435 13.8748983,11.6194565 14.375305,11.2191312 L19.375305,7.21913119 C20.0300683,6.69532051 21,7.16149379 21,8 Z\"\/><\/g><\/svg><\/div><h3 class=\"pix-feature-title font-weight-bold  secondary-font text-white animate-in\" style=\"padding-top:20px;\" data-anim-type=\"fade-in-up\" data-anim-delay=\"200\">Accord de niveau de service<\/h3><div class=\"pix-feature-content text-light-opacity-5      animate-in\" style=\"padding-top:10px;\" data-anim-type=\"fade-in-up\" data-anim-delay=\"300\">SLA transparents pour garantir l'assistance en fonction des licences choisies.<\/div><\/div>\t\t\t\t<\/div>\n\t\t\t\t<\/div>\n\t\t\t\t\t<\/div>\n\t\t<\/div>\n\t\t\t\t<div class=\"elementor-column elementor-col-33 elementor-top-column elementor-element elementor-element-5481391e\" data-id=\"5481391e\" data-element_type=\"column\">\n\t\t\t<div class=\"elementor-widget-wrap elementor-element-populated\">\n\t\t\t\t\t\t<div class=\"elementor-element elementor-element-61ded999 fly-sm elementor-invisible elementor-widget elementor-widget-pix-feature\" data-id=\"61ded999\" data-element_type=\"widget\" data-widget_type=\"pix-feature.default\">\n\t\t\t\t<div class=\"elementor-widget-container\">\n\t\t\t\t\t<div id=\"pix-feature-61ded999\" class=\"pix-feature-el text-custom \"><div class=\"pix-feature-icon d-inline-block mw-100 text-white animate-in\" data-anim-type=\"fade-in-up\" data-anim-delay=\"100\" style=\"aspect-ratio:1\/1 !important;position:relative;text-align:center;font-size:1px;line-height:1px;\"><svg class=\"pixfort-icon \" width=\"24\" height=\"24\"  data-name=\"Duotone\/pixfort-icon-audio-equalizer-1\" viewBox=\"2 2 20 20\"><g fill=\"none\" fill-rule=\"evenodd\"><path fill=\"var(--pf-icon-color)\" fill-opacity=\".25\" d=\"M7,20 C7.55228475,20 8,20.4477153 8,21 C8,21.5522847 7.55228475,22 7,22 L3,22 C2.44771525,22 2,21.5522847 2,21 C2,20.4477153 2.44771525,20 3,20 L7,20 Z M21,20 C21.5522847,20 22,20.4477153 22,21 C22,21.5522847 21.5522847,22 21,22 L17,22 C16.4477153,22 16,21.5522847 16,21 C16,20.4477153 16.4477153,20 17,20 L21,20 Z M7,17 C7.55228475,17 8,17.4477153 8,18 C8,18.5522847 7.55228475,19 7,19 L3,19 C2.44771525,19 2,18.5522847 2,18 C2,17.4477153 2.44771525,17 3,17 L7,17 Z M21,17 C21.5522847,17 22,17.4477153 22,18 C22,18.5522847 21.5522847,19 21,19 L17,19 C16.4477153,19 16,18.5522847 16,18 C16,17.4477153 16.4477153,17 17,17 L21,17 Z M7,14 C7.55228475,14 8,14.4477153 8,15 C8,15.5522847 7.55228475,16 7,16 L3,16 C2.44771525,16 2,15.5522847 2,15 C2,14.4477153 2.44771525,14 3,14 L7,14 Z M21,14 C21.5522847,14 22,14.4477153 22,15 C22,15.5522847 21.5522847,16 21,16 L17,16 C16.4477153,16 16,15.5522847 16,15 C16,14.4477153 16.4477153,14 17,14 L21,14 Z M21,11 C21.5522847,11 22,11.4477153 22,12 C22,12.5522847 21.5522847,13 21,13 L17,13 C16.4477153,13 16,12.5522847 16,12 C16,11.4477153 16.4477153,11 17,11 L21,11 Z M21,8 C21.5522847,8 22,8.44771525 22,9 C22,9.55228475 21.5522847,10 21,10 L17,10 C16.4477153,10 16,9.55228475 16,9 C16,8.44771525 16.4477153,8 17,8 L21,8 Z\"\/><path fill=\"var(--pf-icon-color)\" d=\"M14,20 C14.5522847,20 15,20.4477153 15,21 C15,21.5522847 14.5522847,22 14,22 L10,22 C9.44771525,22 9,21.5522847 9,21 C9,20.4477153 9.44771525,20 10,20 L14,20 Z M14,17 C14.5522847,17 15,17.4477153 15,18 C15,18.5522847 14.5522847,19 14,19 L10,19 C9.44771525,19 9,18.5522847 9,18 C9,17.4477153 9.44771525,17 10,17 L14,17 Z M14,14 C14.5522847,14 15,14.4477153 15,15 C15,15.5522847 14.5522847,16 14,16 L10,16 C9.44771525,16 9,15.5522847 9,15 C9,14.4477153 9.44771525,14 10,14 L14,14 Z M14,11 C14.5522847,11 15,11.4477153 15,12 C15,12.5522847 14.5522847,13 14,13 L10,13 C9.44771525,13 9,12.5522847 9,12 C9,11.4477153 9.44771525,11 10,11 L14,11 Z M14,8 C14.5522847,8 15,8.44771525 15,9 C15,9.55228475 14.5522847,10 14,10 L10,10 C9.44771525,10 9,9.55228475 9,9 C9,8.44771525 9.44771525,8 10,8 L14,8 Z M14,5 C14.5522847,5 15,5.44771525 15,6 C15,6.55228475 14.5522847,7 14,7 L10,7 C9.44771525,7 9,6.55228475 9,6 C9,5.44771525 9.44771525,5 10,5 L14,5 Z M14,2 C14.5522847,2 15,2.44771525 15,3 C15,3.55228475 14.5522847,4 14,4 L10,4 C9.44771525,4 9,3.55228475 9,3 C9,2.44771525 9.44771525,2 10,2 L14,2 Z\"\/><\/g><\/svg><\/div><h3 class=\"pix-feature-title font-weight-bold  secondary-font text-white animate-in\" style=\"padding-top:20px;\" data-anim-type=\"fade-in-up\" data-anim-delay=\"200\">De la banque \u00e0 l'assurance<\/h3><div class=\"pix-feature-content text-light-opacity-5      animate-in\" style=\"padding-top:10px;\" data-anim-type=\"fade-in-up\" data-anim-delay=\"300\">Nous int\u00e9grons vos sites individuellement, dans le respect de la protection des donn\u00e9es et en toute s\u00e9curit\u00e9. Plus de 1'400 clients font confiance \u00e0 nos services cloud g\u00e9r\u00e9s. <\/div><\/div>\t\t\t\t<\/div>\n\t\t\t\t<\/div>\n\t\t\t\t<div class=\"elementor-element elementor-element-5c318fb1 elementor-invisible elementor-widget elementor-widget-pix-promo-box\" data-id=\"5c318fb1\" data-element_type=\"widget\" data-widget_type=\"pix-promo-box.default\">\n\t\t\t\t<div class=\"elementor-widget-container\">\n\t\t\t\t\t<div class=\"animate-in w-100\" data-anim-type=\"pix-3d-down-in\" data-anim-delay=\"300\"><div class=\"pix-promo-box card w-100 bg-heading-default  pix-hover-item rounded-10 position-relative overflow-hidden text-white    text-left w-100 d-block\"  ><img decoding=\"async\" src=\"https:\/\/www.gigamobile.ch\/wp-content\/uploads\/2025\/10\/modern_office.png\" class=\"card-img pix-bg-image pix-img-scale h-100 rounded-10 pix-opacity-6 pix-hover-opacity-4\" alt=\"De la migration \u00e0 la mise \u00e0 niveau\"><a href=\"#\"  class=\"d-inline-block w-100 pix-img-overlay pix-p-20 d-flex align-items-end\" ><div class=\"w-100\"><div class=\"\"><span class=\"pix-badge-element custom d-inline-flex mr-1 \"  ><span class=\"badge font-weight-bold secondary-font  bg-dark-opacity-3  \" style=\"font-size:12px; \"><span class=\"text-white\" style=\"\">Ing\u00e9nierie<\/span><\/span><\/span><\/div><h2 class=\"card-title font-weight-bold secondary-font text-white pix-my-10\" style=\"\">De la migration \u00e0 la mise \u00e0 niveau<\/h2><\/div><\/a><\/div><\/div>\t\t\t\t<\/div>\n\t\t\t\t<\/div>\n\t\t\t\t\t<\/div>\n\t\t<\/div>\n\t\t\t\t\t<\/div>\n\t\t<\/section>\n\t\t\t\t<\/div>\n\t\t","protected":false},"excerpt":{"rendered":"<p>Collaboration Services&#32; g\u00e9r\u00e9s&#32; Microsoft&#32; 365&#32; Solutions Microsoft 365 g\u00e9r\u00e9es, incluant la gestion des licences Microsoft avec la suite Office et Exchange pour votre entreprise. M365 Managed Contactez d\u00e8s maintenant notre \u00e9quipe de vente pour demander un devis sans engagement 0800&#8230;<\/p>\n","protected":false},"author":1,"featured_media":0,"parent":0,"menu_order":0,"comment_status":"closed","ping_status":"closed","template":"","meta":{"footnotes":""},"class_list":["post-19218","page","type-page","status-publish","hentry"],"_links":{"self":[{"href":"https:\/\/www.gigamobile.ch\/fr\/wp-json\/wp\/v2\/pages\/19218","targetHints":{"allow":["GET"]}}],"collection":[{"href":"https:\/\/www.gigamobile.ch\/fr\/wp-json\/wp\/v2\/pages"}],"about":[{"href":"https:\/\/www.gigamobile.ch\/fr\/wp-json\/wp\/v2\/types\/page"}],"author":[{"embeddable":true,"href":"https:\/\/www.gigamobile.ch\/fr\/wp-json\/wp\/v2\/users\/1"}],"replies":[{"embeddable":true,"href":"https:\/\/www.gigamobile.ch\/fr\/wp-json\/wp\/v2\/comments?post=19218"}],"version-history":[{"count":3,"href":"https:\/\/www.gigamobile.ch\/fr\/wp-json\/wp\/v2\/pages\/19218\/revisions"}],"predecessor-version":[{"id":19788,"href":"https:\/\/www.gigamobile.ch\/fr\/wp-json\/wp\/v2\/pages\/19218\/revisions\/19788"}],"wp:attachment":[{"href":"https:\/\/www.gigamobile.ch\/fr\/wp-json\/wp\/v2\/media?parent=19218"}],"curies":[{"name":"wp","href":"https:\/\/api.w.org\/{rel}","templated":true}]}}