{"id":19224,"date":"2025-10-22T22:41:49","date_gmt":"2025-10-22T20:41:49","guid":{"rendered":"https:\/\/www.gigamobile.ch\/serveur-cloud-centre-de-donnees\/"},"modified":"2025-12-09T10:52:45","modified_gmt":"2025-12-09T09:52:45","slug":"serveur-cloud-centre-de-donnees","status":"publish","type":"page","link":"https:\/\/www.gigamobile.ch\/fr\/serveur-cloud-centre-de-donnees\/","title":{"rendered":"Serveur cloud + centre de donn\u00e9es"},"content":{"rendered":"\t\t<div data-elementor-type=\"wp-page\" data-elementor-id=\"19224\" class=\"elementor elementor-19224 elementor-17660\">\n\t\t\t\t\t\t<section class=\"elementor-section elementor-top-section elementor-element elementor-element-6debead0 elementor-section-boxed elementor-section-height-default elementor-section-height-default\" data-id=\"6debead0\" data-element_type=\"section\">\n\t\t\t\t\t\t<div class=\"elementor-container elementor-column-gap-default\">\n\t\t\t\t\t<div class=\"elementor-column elementor-col-100 elementor-top-column elementor-element elementor-element-34f9c22b\" data-id=\"34f9c22b\" data-element_type=\"column\">\n\t\t\t<div class=\"elementor-widget-wrap elementor-element-populated\">\n\t\t\t\t\t\t<div class=\"elementor-element elementor-element-1a8e393c elementor-invisible elementor-widget elementor-widget-pix-badge\" data-id=\"1a8e393c\" data-element_type=\"widget\" data-widget_type=\"pix-badge.default\">\n\t\t\t\t<div class=\"elementor-widget-container\">\n\t\t\t\t\t<div class=\"pix-element-div w-100 text-center\"><span class=\"pix-badge-element h6 d-inline-flex mr-1 animate-in\" data-anim-type=\"fade-in-up\" data-anim-delay=\"0\"><span class=\"badge font-weight-bold secondary-font badge-pill  bg-gray-2  \" style=\" \"><span class=\"text-heading-default\" style=\"\">Infrastructure<\/span><\/span><\/span><\/div>\t\t\t\t<\/div>\n\t\t\t\t<\/div>\n\t\t\t\t<div class=\"elementor-element elementor-element-372a4621 elementor-widget elementor-widget-pix-sliding-text\" data-id=\"372a4621\" data-element_type=\"widget\" data-widget_type=\"pix-sliding-text.default\">\n\t\t\t\t<div class=\"elementor-widget-container\">\n\t\t\t\t\t<div id=\"el-372a4621\" class=\"mb-3 text-center \"><h2 class=\"mb-32 pix-sliding-headline-2 animate-in font-weight-bold secondary-font \" data-anim-type=\"pix-sliding-text\" pix-anim-delay=\"500\" data-class=\"secondary-font text-heading-default\" style=\"\"><span class=\"slide-in-container \"><span class=\"pix-sliding-item secondary-font text-heading-default\" style=\"transition-delay: 0ms;\">Serveur&#32;<\/span><\/span> <span class=\"slide-in-container \"><span class=\"pix-sliding-item secondary-font text-heading-default\" style=\"transition-delay: 150ms;\">cloud&#32;<\/span><\/span> <span class=\"slide-in-container \"><span class=\"pix-sliding-item secondary-font text-heading-default\" style=\"transition-delay: 300ms;\">et&#32;<\/span><\/span> <span class=\"slide-in-container \"><span class=\"pix-sliding-item secondary-font text-heading-default\" style=\"transition-delay: 450ms;\">centre&#32;<\/span><\/span> <span class=\"slide-in-container \"><span class=\"pix-sliding-item secondary-font text-heading-default\" style=\"transition-delay: 600ms;\">de&#32;<\/span><\/span> <span class=\"slide-in-container \"><span class=\"pix-sliding-item secondary-font text-heading-default\" style=\"transition-delay: 750ms;\">donn\u00e9es&#32;<\/span><\/span> <\/h2><\/div>\t\t\t\t<\/div>\n\t\t\t\t<\/div>\n\t\t\t\t<div class=\"elementor-element elementor-element-2e85d6e elementor-invisible elementor-widget elementor-widget-pix-text\" data-id=\"2e85d6e\" data-element_type=\"widget\" data-widget_type=\"pix-text.default\">\n\t\t\t\t<div class=\"elementor-widget-container\">\n\t\t\t\t\t<div class=\"pix-el-text w-100 text-center \" ><div class=\"d-inline-block\" style=\"max-width:600px;\"><p class=\"text-20 resp-option text-body-default text-center \" ><span class=\"text-body-default animate-in d-inline-block\" data-anim-delay=\"200\" data-anim-type=\"fade-in-up\">D\u00e9couvrez nos solutions personnalis\u00e9es<\/span><\/p><\/div><\/div>\t\t\t\t<\/div>\n\t\t\t\t<\/div>\n\t\t\t\t<div class=\"elementor-element elementor-element-80224c0 elementor-invisible elementor-widget elementor-widget-pix-img\" data-id=\"80224c0\" data-element_type=\"widget\" data-widget_type=\"pix-img.default\">\n\t\t\t\t<div class=\"elementor-widget-container\">\n\t\t\t\t\t<div id=\"el-80224c0\" class=\"pix-img-element d-inline-block \" ><div class=\"animate-in d-inline-block\" data-anim-type=\"fade-in-up\" data-anim-delay=\"0\"><div class=\"pix-img-el    shadow-lg text-left d-inline-block  w-100 rounded-xl\"  ><img fetchpriority=\"high\" decoding=\"async\" width=\"2121\" height=\"1414\" src=\"https:\/\/www.gigamobile.ch\/wp-content\/uploads\/2025\/10\/cloud_infra.jpg\" class=\"pix-img-elem rounded-xl\" alt=\"Lien de l\u2019image\" srcset=\"https:\/\/www.gigamobile.ch\/wp-content\/uploads\/2025\/10\/cloud_infra.jpg 2121w, https:\/\/www.gigamobile.ch\/wp-content\/uploads\/2025\/10\/cloud_infra-300x200.jpg 300w, https:\/\/www.gigamobile.ch\/wp-content\/uploads\/2025\/10\/cloud_infra-1024x683.jpg 1024w, https:\/\/www.gigamobile.ch\/wp-content\/uploads\/2025\/10\/cloud_infra-768x512.jpg 768w, https:\/\/www.gigamobile.ch\/wp-content\/uploads\/2025\/10\/cloud_infra-1536x1024.jpg 1536w, https:\/\/www.gigamobile.ch\/wp-content\/uploads\/2025\/10\/cloud_infra-2048x1365.jpg 2048w\" sizes=\"(max-width: 2121px) 100vw, 2121px\" \/><\/div><\/div><\/div>\t\t\t\t<\/div>\n\t\t\t\t<\/div>\n\t\t\t\t\t<\/div>\n\t\t<\/div>\n\t\t\t\t\t<\/div>\n\t\t<\/section>\n\t\t\t\t<section class=\"elementor-section elementor-top-section elementor-element elementor-element-533e3ff7 elementor-section-stretched elementor-section-full_width elementor-section-height-default elementor-section-height-default\" data-id=\"533e3ff7\" data-element_type=\"section\" data-settings=\"{&quot;stretch_section&quot;:&quot;section-stretched&quot;,&quot;background_background&quot;:&quot;classic&quot;}\">\n\t\t\t\t\t\t<div class=\"elementor-container elementor-column-gap-no\">\n\t\t\t\t\t<div class=\"elementor-column elementor-col-100 elementor-top-column elementor-element elementor-element-76c5c0e9\" data-id=\"76c5c0e9\" data-element_type=\"column\">\n\t\t\t<div class=\"elementor-widget-wrap elementor-element-populated\">\n\t\t\t\t\t\t<div class=\"elementor-element elementor-element-10440e8f elementor-widget elementor-widget-pix-dividers\" data-id=\"10440e8f\" data-element_type=\"widget\" data-widget_type=\"pix-dividers.default\">\n\t\t\t\t<div class=\"elementor-widget-container\">\n\t\t\t\t\t<div class=\"pix-divider  position-relative pix-bottom-divider\" data-style=\"style-19\" ><svg xmlns=\"http:\/\/www.w3.org\/2000\/svg\" width=\"100%\" height=\"500px\" viewBox=\"0 0 1200 415\" preserveAspectRatio=\"none\"><g class=\"animate-in\" data-anim-type=\"fade-in-up\" data-anim-delay=\"200\"><path class=\"pix-divider-layer-3\" fill=\"url(#divider-pix-accordion-522946-bottom-overlay-layer-3)\" d=\"M5.68434189e-13,292.788567 C80.6666667,271.41188 159.333333,260.723537 236,260.723537 C421,260.723537 525,344.759008 670,273.729027 C788.879994,215.494242 940.849865,-5.02123357 1200,0.788566864 C1200,33.4552335 1200,171.525711 1200,415 L9.19819776e-13,414.788567 L5.68434189e-13,292.788567 Z\" \/><\/g><g class=\"animate-in\" data-anim-type=\"fade-in-up\" data-anim-delay=\"0\"><path class=\"pix-divider-layer-2\" fill=\"url(#divider-pix-accordion-522946-bottom-overlay-layer-2)\" d=\"M2.08355555e-12,332.788567 C80.6666667,284.745214 159.333333,260.723537 236,260.723537 C421,260.723537 525,344.759008 670,273.729027 C789.08369,215.39446 940.387018,21.5609115 1200,37.7885669 C1200,55.7885669 1200,181.525711 1200,415 L1.8189894e-12,414.788567 L2.08355555e-12,332.788567 Z\"  \/><\/g><path class=\"pix-divider-layer-1\" fill=\"#ffffff\" d=\"M9.09494702e-13,373.771254 C80.6666667,298.406109 159.333333,260.723537 236,260.723537 C421,260.723537 525,344.759008 670,273.729027 C789.088175,215.392262 940.369069,48.85905 1200,74.7885669 C1200,148.788567 1200,262.192378 1200,415 L1.0227342e-12,414.788567 L9.09494702e-13,373.771254 Z\"\/><defs><linearGradient id=\"divider-pix-accordion-522946-bottom-overlay-layer-3\" x1=\"0%\" y1=\"0%\" x2=\"100%\" y2=\"0%\"><stop offset=\"0%\"   stop-color=\"#E9ECEF\"\/><stop offset=\"100%\"   stop-color=\"#DEE2E6\"\/><\/linearGradient><linearGradient id=\"divider-pix-accordion-522946-bottom-overlay-layer-2\" x1=\"0%\" y1=\"0%\" x2=\"100%\" y2=\"0%\"><stop offset=\"0%\"   stop-color=\"rgba(255, 255, 255, 0.7)\"\/><stop offset=\"100%\"   stop-color=\"rgba(255, 255, 255, 0.7)\"\/><\/linearGradient><\/defs><\/svg><\/div>\t\t\t\t<\/div>\n\t\t\t\t<\/div>\n\t\t\t\t\t<\/div>\n\t\t<\/div>\n\t\t\t\t\t<\/div>\n\t\t<\/section>\n\t\t\t\t<section class=\"elementor-section elementor-top-section elementor-element elementor-element-f495869 elementor-section-stretched elementor-section-boxed elementor-section-height-default elementor-section-height-default\" data-id=\"f495869\" data-element_type=\"section\" data-settings=\"{&quot;stretch_section&quot;:&quot;section-stretched&quot;,&quot;background_background&quot;:&quot;classic&quot;}\">\n\t\t\t\t\t\t<div class=\"elementor-container elementor-column-gap-default\">\n\t\t\t\t\t<div class=\"elementor-column elementor-col-33 elementor-top-column elementor-element elementor-element-3a830965\" data-id=\"3a830965\" data-element_type=\"column\">\n\t\t\t<div class=\"elementor-widget-wrap elementor-element-populated\">\n\t\t\t\t\t\t<div class=\"elementor-element elementor-element-16ce4acb elementor-widget elementor-widget-pix-img\" data-id=\"16ce4acb\" data-element_type=\"widget\" data-widget_type=\"pix-img.default\">\n\t\t\t\t<div class=\"elementor-widget-container\">\n\t\t\t\t\t<div id=\"el-16ce4acb\" class=\"pix-img-element d-inline-block \" ><div class=\"pix-img-el     text-left d-inline-block   rounded-0\"  ><img decoding=\"async\" width=\"300\" height=\"51\" src=\"https:\/\/www.gigamobile.ch\/wp-content\/uploads\/2025\/10\/logouxs.png\" class=\"pix-img-elem rounded-0\" alt=\"Lien de l\u2019image\" \/><\/div><\/div>\t\t\t\t<\/div>\n\t\t\t\t<\/div>\n\t\t\t\t\t<\/div>\n\t\t<\/div>\n\t\t\t\t<div class=\"elementor-column elementor-col-66 elementor-top-column elementor-element elementor-element-472fa8c\" data-id=\"472fa8c\" data-element_type=\"column\">\n\t\t\t<div class=\"elementor-widget-wrap elementor-element-populated\">\n\t\t\t\t\t\t<div class=\"elementor-element elementor-element-27a96daa elementor-invisible elementor-widget elementor-widget-pix-text\" data-id=\"27a96daa\" data-element_type=\"widget\" data-widget_type=\"pix-text.default\">\n\t\t\t\t<div class=\"elementor-widget-container\">\n\t\t\t\t\t<div class=\"pix-el-text w-100 text-left \" ><p class=\" resp-option  text-left \" ><span class=\" animate-in d-inline-block\" data-anim-delay=\"200\" data-anim-type=\"fade-in-up\">  Notre soci\u00e9t\u00e9 s\u0153ur est sp\u00e9cialis\u00e9e dans les solutions cloud et de centre de donn\u00e9es depuis sa cr\u00e9ation en 2007 et prend en charge plusieurs milliers de clients dans plus de 27 pays.<\/span><\/p><\/div>\t\t\t\t<\/div>\n\t\t\t\t<\/div>\n\t\t\t\t\t<\/div>\n\t\t<\/div>\n\t\t\t\t\t<\/div>\n\t\t<\/section>\n\t\t\t\t<section class=\"elementor-section elementor-top-section elementor-element elementor-element-66abc6b2 elementor-section-stretched elementor-section-boxed elementor-section-height-default elementor-section-height-default\" data-id=\"66abc6b2\" data-element_type=\"section\" data-settings=\"{&quot;stretch_section&quot;:&quot;section-stretched&quot;,&quot;background_background&quot;:&quot;classic&quot;}\">\n\t\t\t\t\t\t<div class=\"elementor-container elementor-column-gap-default\">\n\t\t\t\t\t<div class=\"elementor-column elementor-col-50 elementor-top-column elementor-element elementor-element-603d290f\" data-id=\"603d290f\" data-element_type=\"column\" data-settings=\"{&quot;background_background&quot;:&quot;classic&quot;}\">\n\t\t\t<div class=\"elementor-widget-wrap elementor-element-populated\">\n\t\t\t\t\t\t<section class=\"sticky-top pix-sticky-top-adjust elementor-section elementor-inner-section elementor-element elementor-element-2d5154b9 elementor-section-boxed elementor-section-height-default elementor-section-height-default\" data-id=\"2d5154b9\" data-element_type=\"section\">\n\t\t\t\t\t\t<div class=\"elementor-container elementor-column-gap-default\">\n\t\t\t\t\t<div class=\"elementor-column elementor-col-100 elementor-inner-column elementor-element elementor-element-38fe1b9e\" data-id=\"38fe1b9e\" data-element_type=\"column\" data-settings=\"{&quot;background_background&quot;:&quot;classic&quot;}\">\n\t\t\t<div class=\"elementor-widget-wrap elementor-element-populated\">\n\t\t\t\t\t\t<div class=\"elementor-element elementor-element-2d231f23 elementor-widget elementor-widget-pix-feature\" data-id=\"2d231f23\" data-element_type=\"widget\" data-widget_type=\"pix-feature.default\">\n\t\t\t\t<div class=\"elementor-widget-container\">\n\t\t\t\t\t<div id=\"pix-feature-2d231f23\" class=\"pix-feature-el media \"><div class=\"pix-feature-icon pix-feature-icon-outer mr-3 mw-100 d-flex text-blue \"   style=\"font-size:1px;width:1px;aspect-ratio:1\/1 !important;position:relative;line-height:1px;text-align:center;\"><svg class=\"pixfort-icon \" width=\"24\" height=\"24\"  data-name=\"Line\/pixfort-icon-earth-star-1\" viewBox=\"2 2 20 20\"><path fill=\"none\" stroke=\"var(--pf-icon-color)\" stroke-linecap=\"round\" stroke-linejoin=\"round\" stroke-width=\"var(--pf-icon-stroke-width)\" d=\"M20.9939722,12.3324895 C20.9979792,12.2221548 21,12.1113134 21,12 C21,11.6010944 20.9740478,11.2082503 20.9237398,10.823064 C20.3471848,6.40863571 16.5716572,3 12,3 C7.02943725,3 3,7.02943725 3,12 C3,16.9705627 7.02943725,21 12,21 M20.8162401,10.7889288 L18.6124971,10.4216383 C18.3624211,10.379959 18.1067009,10.3862063 17.8589586,10.4400476 L16.7261258,10.6862435 C16.4156048,10.7537283 16.1256336,10.8942328 15.8802353,11.0961167 L15.3488664,11.5332623 C14.9633612,11.8504091 14.4272913,11.9109101 13.9807971,11.687663 L13.5138255,11.4541772 C13.3498336,11.3721812 13.1537193,11.3890274 13.0061136,11.4977896 C12.8547916,11.6092899 12.6596536,11.642661 12.4798787,11.5877824 L10.7387695,11.0562859 C10.4919916,10.9809537 10.2725597,10.8352464 10.1073794,10.6370301 C9.95816289,10.4579703 9.94826188,10.2008701 10.0832656,10.0108649 L10.2180584,9.82115645 C10.4272814,9.52669444 10.5528497,9.18106563 10.5814284,8.82097479 L10.729816,6.95129054 C10.7691392,6.45581823 10.6225632,5.96345556 10.3186552,5.57016293 L9.62238865,4.66911206 C9.54085688,4.56360036 9.44897766,4.4665068 9.34812251,4.37928072 L8.56307558,3.70032121 L8.56307558,3.70032121 M10.2751445,20.6130982 L10.4885409,18.7641242 C10.5061222,18.6117911 10.5061258,18.4579413 10.4885516,18.3056073 L10.3159962,16.8098892 C10.2895759,16.5808765 10.1848416,16.3680254 10.0195192,16.20736 L8.28413562,14.5208613 C8.17076921,14.4106884 8.07086471,14.2874632 7.98651395,14.1537659 L7.78165869,13.8290671 C7.57569929,13.5026181 7.20871119,13.3137626 6.82335692,13.3359048 C4.69321442,13.4583653 3.62814317,13.6422052 3.62814317,13.8874244 M17,19.7188471 L14.527864,21 L15,18.2864745 L13,16.3647451 L15.763932,15.9688471 L17,13.5 L18.236068,15.9688471 L21,16.3647451 L19,18.2864745 L19.472136,21 L17,19.7188471 Z\"\/><\/svg><\/div><div class=\"media-body text-custom\"><h6 class=\"pix-feature-title font-weight-bold   text-heading-default  \" style=\"padding-top:8px;\"  >Solutions cloud<\/h6><div class=\"pix-feature-content text-body-default      \" style=\"padding-top:10px;\"  ><\/div><\/div><\/div>\t\t\t\t<\/div>\n\t\t\t\t<\/div>\n\t\t\t\t<div class=\"elementor-element elementor-element-78dce12e elementor-widget elementor-widget-pix-highlighted-text\" data-id=\"78dce12e\" data-element_type=\"widget\" data-widget_type=\"pix-highlighted-text.default\">\n\t\t\t\t<div class=\"elementor-widget-container\">\n\t\t\t\t\t<div id=\"el-78dce12e\" class=\"pix-highlighted-element text-left \"><h2 class=\"pix-highlighted-items \" style=\"\" data-anim-type=\"\" data-anim-delay=\"\"><span id=\"el-78dce12e-0\"  class=\" elementor-repeater-item-482f712\"><span   class=\"pix-highlighted-text  pix-highlight-item font-weight-normal  font-weight-bold heading-font text-heading-default\">\u00c9valuez  <\/span><\/span><span id=\"el-78dce12e-1\" class=\"pix-highlight-bg   elementor-repeater-item-a025262 el-78dce12e-1 animate-in\" data-anim-type=\"highlight-grow\" data-anim-delay=\"200\"><span   class=\"pix-highlighted-text pix-highlight-item font-weight-normal  font-weight-bold heading-font text-heading-default\">Solutions<\/span><\/span><span id=\"el-78dce12e-2\"  class=\" elementor-repeater-item-ec42d60\"><span   class=\"pix-highlighted-text  pix-highlight-item font-weight-normal  font-weight-bold heading-font text-heading-default\">  pour votre infrastructure<\/span><\/span><\/h2><\/div>\t\t\t\t<\/div>\n\t\t\t\t<\/div>\n\t\t\t\t<div class=\"elementor-element elementor-element-42c4cc4f elementor-widget elementor-widget-pix-text\" data-id=\"42c4cc4f\" data-element_type=\"widget\" data-widget_type=\"pix-text.default\">\n\t\t\t\t<div class=\"elementor-widget-container\">\n\t\t\t\t\t<div class=\"pix-el-text w-100 text-left \" ><p class=\"text-20 resp-option text-body-default text-left \" >  Profitez de l\u2019expertise de nos sp\u00e9cialistes en ing\u00e9nierie qui prennent en charge des projets de toutes tailles \u00e0 l\u2019\u00e9chelle nationale et internationale.<\/p><\/div>\t\t\t\t<\/div>\n\t\t\t\t<\/div>\n\t\t\t\t<div class=\"elementor-element elementor-element-717edb90 elementor-widget elementor-widget-pix-button\" data-id=\"717edb90\" data-element_type=\"widget\" data-widget_type=\"pix-button.default\">\n\t\t\t\t<div class=\"elementor-widget-container\">\n\t\t\t\t\t<a  href=\"https:\/\/www.unaxus.ch\/kontakt\/\" class=\"btn m-0      btn-link text-blue d-inline-flex align-items-center pix-hover-item  no-padding     btn-lg\"     ><span class=\"font-weight-bold \" >Cr\u00e9er une demande de projet<\/span><svg class=\"pixfort-icon font-weight-bold  pix-hover-right  ml-2\" width=\"24\" height=\"24\"  data-name=\"Line\/pixfort-icon-arrow-right-circle-2\" viewBox=\"2 2 20 20\"><path fill=\"none\" stroke=\"var(--pf-icon-color)\" stroke-linecap=\"round\" stroke-linejoin=\"round\" stroke-width=\"var(--pf-icon-stroke-width)\" d=\"M12,21 C16.9705627,21 21,16.9705627 21,12 C21,7.02943725 16.9705627,3 12,3 C7.02943725,3 3,7.02943725 3,12 C3,16.9705627 7.02943725,21 12,21 Z M10.5,8 L14.5,12 L10.5,16\"\/><\/svg><\/a>\t\t\t\t<\/div>\n\t\t\t\t<\/div>\n\t\t\t\t\t<\/div>\n\t\t<\/div>\n\t\t\t\t\t<\/div>\n\t\t<\/section>\n\t\t\t\t\t<\/div>\n\t\t<\/div>\n\t\t\t\t<div class=\"elementor-column elementor-col-50 elementor-top-column elementor-element elementor-element-67238b3f\" data-id=\"67238b3f\" data-element_type=\"column\">\n\t\t\t<div class=\"elementor-widget-wrap elementor-element-populated\">\n\t\t\t\t\t\t<div class=\"elementor-element elementor-element-6e8a8012 elementor-widget elementor-widget-pix-promo-box\" data-id=\"6e8a8012\" data-element_type=\"widget\" data-widget_type=\"pix-promo-box.default\">\n\t\t\t\t<div class=\"elementor-widget-container\">\n\t\t\t\t\t<div class=\"pix-promo-box card w-100 bg-heading-default  pix-hover-item rounded-10 position-relative overflow-hidden text-white    text-left w-100 d-block\"  ><img decoding=\"async\" src=\"https:\/\/www.gigamobile.ch\/wp-content\/uploads\/2025\/10\/cloudserver.jpg\" class=\"card-img pix-bg-image pix-img-scale h-100 rounded-10 pix-opacity-6 pix-hover-opacity-4\" alt=\"Serveur cloud\"><a href=\"https:\/\/www.unaxus.ch\/root-server-schweiz\/\"  class=\"d-inline-block w-100 pix-img-overlay pix-p-20 d-flex align-items-end\" style=\"min-height:200px;\"><div class=\"w-100\"><div class=\"\"><span class=\"pix-badge-element custom d-inline-flex mr-1 \"  ><span class=\"badge font-weight-bold secondary-font  bg-primary  \" style=\"font-size:12px; \"><span class=\"text-white\" style=\"\">Cloud<\/span><\/span><\/span><\/div><h2 class=\"card-title font-weight-bold secondary-font text-white pix-my-10\" style=\"\">Serveur cloud<\/h2><span class=\"pix-promo-box-link d-flex align-items-center font-weight-bold text-light-opacity-6 \" ><span>D\u00e9couvrir les solutions cloud (lien externe)<\/span><svg class=\"pixfort-icon pix-hover-right pix-hover-item pix-ml-5\" width=\"24\" height=\"24\"  data-name=\"Line\/pixfort-icon-arrow-right-2\" viewBox=\"2 2 20 20\"><polyline fill=\"none\" stroke=\"var(--pf-icon-color)\" stroke-linecap=\"round\" stroke-linejoin=\"round\" stroke-width=\"var(--pf-icon-stroke-width)\" points=\"9.5 17 14.5 12 9.5 7\"\/><\/svg><\/span><\/div><\/a><\/div>\t\t\t\t<\/div>\n\t\t\t\t<\/div>\n\t\t\t\t<div class=\"elementor-element elementor-element-1ed1eb55 elementor-widget elementor-widget-pix-promo-box\" data-id=\"1ed1eb55\" data-element_type=\"widget\" data-widget_type=\"pix-promo-box.default\">\n\t\t\t\t<div class=\"elementor-widget-container\">\n\t\t\t\t\t<div class=\"pix-promo-box card w-100 bg-heading-default  pix-hover-item rounded-10 position-relative overflow-hidden text-white    text-left w-100 d-block\"  ><img decoding=\"async\" src=\"https:\/\/www.gigamobile.ch\/wp-content\/uploads\/2025\/10\/virtual_datacenter.jpg\" class=\"card-img pix-bg-image pix-img-scale h-100 rounded-10 pix-opacity-6 pix-hover-opacity-4\" alt=\"Centre de donn\u00e9es virtuel\"><a href=\"https:\/\/www.unaxus.ch\/managed-server-schweiz\/\"  class=\"d-inline-block w-100 pix-img-overlay pix-p-20 d-flex align-items-end\" style=\"min-height:200px;\"><div class=\"w-100\"><div class=\"\"><span class=\"pix-badge-element custom d-inline-flex mr-1 \"  ><span class=\"badge font-weight-bold secondary-font  bg-secondary  \" style=\"font-size:12px; \"><span class=\"text-white\" style=\"\">Centre de donn\u00e9es<\/span><\/span><\/span><\/div><h2 class=\"card-title font-weight-bold secondary-font text-white pix-my-10\" style=\"\">Centre de donn\u00e9es virtuel<\/h2><span class=\"pix-promo-box-link d-flex align-items-center font-weight-bold text-light-opacity-6 \" ><span>D\u00e9couvrir les solutions de centre de donn\u00e9es (lien externe)<\/span><svg class=\"pixfort-icon pix-hover-right pix-hover-item pix-ml-5\" width=\"24\" height=\"24\"  data-name=\"Line\/pixfort-icon-arrow-right-2\" viewBox=\"2 2 20 20\"><polyline fill=\"none\" stroke=\"var(--pf-icon-color)\" stroke-linecap=\"round\" stroke-linejoin=\"round\" stroke-width=\"var(--pf-icon-stroke-width)\" points=\"9.5 17 14.5 12 9.5 7\"\/><\/svg><\/span><\/div><\/a><\/div>\t\t\t\t<\/div>\n\t\t\t\t<\/div>\n\t\t\t\t<div class=\"elementor-element elementor-element-51a8364d elementor-widget elementor-widget-pix-promo-box\" data-id=\"51a8364d\" data-element_type=\"widget\" data-widget_type=\"pix-promo-box.default\">\n\t\t\t\t<div class=\"elementor-widget-container\">\n\t\t\t\t\t<div class=\"pix-promo-box card w-100 bg-heading-default  pix-hover-item rounded-10 position-relative overflow-hidden text-white    text-left w-100 d-block\"  ><img decoding=\"async\" src=\"https:\/\/www.gigamobile.ch\/wp-content\/uploads\/2025\/10\/managed_infrastructure.jpg\" class=\"card-img pix-bg-image pix-img-scale h-100 rounded-10 pix-opacity-6 pix-hover-opacity-4\" alt=\"Infrastructure g\u00e9r\u00e9e\"><a href=\"https:\/\/www.unaxus.ch\/iaas\/\"  class=\"d-inline-block w-100 pix-img-overlay pix-p-20 d-flex align-items-end\" style=\"min-height:200px;\"><div class=\"w-100\"><div class=\"\"><span class=\"pix-badge-element custom d-inline-flex mr-1 \"  ><span class=\"badge font-weight-bold secondary-font  bg-primary  \" style=\"font-size:12px; \"><span class=\"text-white\" style=\"\">Infrastructure<\/span><\/span><\/span><\/div><h2 class=\"card-title font-weight-bold secondary-font text-white pix-my-10\" style=\"\">Infrastructure g\u00e9r\u00e9e<\/h2><span class=\"pix-promo-box-link d-flex align-items-center font-weight-bold text-light-opacity-6 \" ><span>D\u00e9couvrir les solutions d\u2019infrastructure (lien externe)<\/span><svg class=\"pixfort-icon pix-hover-right pix-hover-item pix-ml-5\" width=\"24\" height=\"24\"  data-name=\"Line\/pixfort-icon-arrow-right-2\" viewBox=\"2 2 20 20\"><polyline fill=\"none\" stroke=\"var(--pf-icon-color)\" stroke-linecap=\"round\" stroke-linejoin=\"round\" stroke-width=\"var(--pf-icon-stroke-width)\" points=\"9.5 17 14.5 12 9.5 7\"\/><\/svg><\/span><\/div><\/a><\/div>\t\t\t\t<\/div>\n\t\t\t\t<\/div>\n\t\t\t\t\t<\/div>\n\t\t<\/div>\n\t\t\t\t\t<\/div>\n\t\t<\/section>\n\t\t\t\t<\/div>\n\t\t","protected":false},"excerpt":{"rendered":"<p>Infrastructure Serveur&#32; cloud&#32; et&#32; centre&#32; de&#32; donn\u00e9es&#32; D\u00e9couvrez nos solutions personnalis\u00e9es Notre soci\u00e9t\u00e9 s\u0153ur est sp\u00e9cialis\u00e9e dans les solutions cloud et de centre de donn\u00e9es depuis sa cr\u00e9ation en 2007 et prend en charge plusieurs milliers de clients dans plus&#8230;<\/p>\n","protected":false},"author":1,"featured_media":0,"parent":0,"menu_order":0,"comment_status":"closed","ping_status":"closed","template":"","meta":{"footnotes":""},"class_list":["post-19224","page","type-page","status-publish","hentry"],"_links":{"self":[{"href":"https:\/\/www.gigamobile.ch\/fr\/wp-json\/wp\/v2\/pages\/19224","targetHints":{"allow":["GET"]}}],"collection":[{"href":"https:\/\/www.gigamobile.ch\/fr\/wp-json\/wp\/v2\/pages"}],"about":[{"href":"https:\/\/www.gigamobile.ch\/fr\/wp-json\/wp\/v2\/types\/page"}],"author":[{"embeddable":true,"href":"https:\/\/www.gigamobile.ch\/fr\/wp-json\/wp\/v2\/users\/1"}],"replies":[{"embeddable":true,"href":"https:\/\/www.gigamobile.ch\/fr\/wp-json\/wp\/v2\/comments?post=19224"}],"version-history":[{"count":2,"href":"https:\/\/www.gigamobile.ch\/fr\/wp-json\/wp\/v2\/pages\/19224\/revisions"}],"predecessor-version":[{"id":19227,"href":"https:\/\/www.gigamobile.ch\/fr\/wp-json\/wp\/v2\/pages\/19224\/revisions\/19227"}],"wp:attachment":[{"href":"https:\/\/www.gigamobile.ch\/fr\/wp-json\/wp\/v2\/media?parent=19224"}],"curies":[{"name":"wp","href":"https:\/\/api.w.org\/{rel}","templated":true}]}}