{"id":19440,"date":"2020-09-21T16:09:31","date_gmt":"2020-09-21T14:09:31","guid":{"rendered":"https:\/\/www.gigamobile.ch\/contact\/"},"modified":"2025-12-09T10:51:01","modified_gmt":"2025-12-09T09:51:01","slug":"contact","status":"publish","type":"page","link":"https:\/\/www.gigamobile.ch\/fr\/contact\/","title":{"rendered":"Contact"},"content":{"rendered":"\t\t<div data-elementor-type=\"wp-page\" data-elementor-id=\"19440\" class=\"elementor elementor-19440 elementor-14241\">\n\t\t\t\t\t\t<section class=\"elementor-section elementor-top-section elementor-element elementor-element-5de2922a elementor-section-boxed elementor-section-height-default elementor-section-height-default\" data-id=\"5de2922a\" data-element_type=\"section\" data-settings=\"{&quot;background_background&quot;:&quot;classic&quot;}\">\n\t\t\t\t\t\t<div class=\"elementor-container elementor-column-gap-default\">\n\t\t\t\t\t<div class=\"elementor-column elementor-col-100 elementor-top-column elementor-element elementor-element-7966469f\" data-id=\"7966469f\" data-element_type=\"column\">\n\t\t\t<div class=\"elementor-widget-wrap elementor-element-populated\">\n\t\t\t\t\t\t<div class=\"elementor-element elementor-element-46504224 elementor-widget elementor-widget-pix-badge\" data-id=\"46504224\" data-element_type=\"widget\" data-widget_type=\"pix-badge.default\">\n\t\t\t\t<div class=\"elementor-widget-container\">\n\t\t\t\t\t<div class=\"pix-element-div w-100 text-center\"><span class=\"pix-badge-element h6 d-inline-flex mr-1 \"  ><span class=\"badge font-weight-bold badge-pill  bg-secondary-light  \" style=\" \"><span class=\"text-secondary\" style=\"\">Contact \/ Service client<\/span><\/span><\/span><\/div>\t\t\t\t<\/div>\n\t\t\t\t<\/div>\n\t\t\t\t<div class=\"elementor-element elementor-element-6e519fea elementor-widget elementor-widget-pix-sliding-text\" data-id=\"6e519fea\" data-element_type=\"widget\" data-widget_type=\"pix-sliding-text.default\">\n\t\t\t\t<div class=\"elementor-widget-container\">\n\t\t\t\t\t<div id=\"el-6e519fea\" class=\"mb-3 text-center \"><div class=\"d-inline-block\" style=\"max-width:500px;\"><h2 class=\"mb-32 pix-sliding-headline-2 animate-in font-weight-bold secondary-font \" data-anim-type=\"pix-sliding-text\" pix-anim-delay=\"500\" data-class=\"secondary-font text-heading-default\" style=\"\"><span class=\"slide-in-container \"><span class=\"pix-sliding-item secondary-font text-heading-default\" style=\"transition-delay: 0ms;\">Comment&#32;<\/span><\/span> <span class=\"slide-in-container \"><span class=\"pix-sliding-item secondary-font text-heading-default\" style=\"transition-delay: 50ms;\">souhaitez-vous&#32;<\/span><\/span> <span class=\"slide-in-container \"><span class=\"pix-sliding-item secondary-font text-heading-default\" style=\"transition-delay: 100ms;\">nous&#32;<\/span><\/span> <span class=\"slide-in-container \"><span class=\"pix-sliding-item secondary-font text-heading-default\" style=\"transition-delay: 150ms;\">contacter\u00a0?&#32;<\/span><\/span> <\/h2><\/div><\/div>\t\t\t\t<\/div>\n\t\t\t\t<\/div>\n\t\t\t\t<div class=\"elementor-element elementor-element-506217d8 elementor-invisible elementor-widget elementor-widget-pix-text\" data-id=\"506217d8\" data-element_type=\"widget\" data-widget_type=\"pix-text.default\">\n\t\t\t\t<div class=\"elementor-widget-container\">\n\t\t\t\t\t<div class=\"pix-el-text w-100 text-center \" ><div class=\"d-inline-block\" style=\"max-width:500px;\"><p class=\"text-18 resp-option text-body-default text-center \" ><span class=\"text-body-default animate-in d-inline-block\" data-anim-delay=\"200\" data-anim-type=\"fade-in-up\">Notre service client est aimable, comp\u00e9tent et vous aide rapidement en cas de questions, de probl\u00e8mes ou de demandes.<\/span><\/p><\/div><\/div>\t\t\t\t<\/div>\n\t\t\t\t<\/div>\n\t\t\t\t<section class=\"elementor-section elementor-inner-section elementor-element elementor-element-389c2974 elementor-section-boxed elementor-section-height-default elementor-section-height-default\" data-id=\"389c2974\" data-element_type=\"section\">\n\t\t\t\t\t\t<div class=\"elementor-container elementor-column-gap-default\">\n\t\t\t\t\t<div class=\"elementor-column elementor-col-33 elementor-inner-column elementor-element elementor-element-4e1874ab\" data-id=\"4e1874ab\" data-element_type=\"column\">\n\t\t\t<div class=\"elementor-widget-wrap elementor-element-populated\">\n\t\t\t\t\t\t<div class=\"elementor-element elementor-element-69652c6a elementor-invisible elementor-widget elementor-widget-pix-promo-box\" data-id=\"69652c6a\" data-element_type=\"widget\" data-widget_type=\"pix-promo-box.default\">\n\t\t\t\t<div class=\"elementor-widget-container\">\n\t\t\t\t\t<div class=\"animate-in w-100\" data-anim-type=\"pix-3d-down-in\" data-anim-delay=\"0\"><div class=\"pix-promo-box card w-100 bg-heading-default  pix-hover-item rounded-10 position-relative overflow-hidden text-white    text-left w-100 d-block\"  ><img decoding=\"async\" src=\"https:\/\/www.gigamobile.ch\/wp-content\/uploads\/2025\/07\/kontakt_anruf-scaled.jpg\" class=\"card-img pix-bg-image pix-img-scale h-100 rounded-10 pix-opacity-6 pix-hover-opacity-4\" alt=\"Appeler\"><a href=\"tel:+41800900900\" target=\"_blank\" class=\"d-inline-block w-100 pix-img-overlay pix-p-20 d-flex align-items-end\" style=\"min-height:200px;\"><div class=\"w-100\"><div class=\"\"><span class=\"pix-badge-element custom d-inline-flex mr-1 \"  ><span class=\"badge font-weight-bold secondary-font  bg-dark-opacity-3  \" style=\"font-size:12px; \"><span class=\"text-white\" style=\"\">Gratuit<\/span><\/span><\/span><\/div><h2 class=\"card-title font-weight-bold secondary-font text-white pix-my-10\" style=\"\">Appeler<\/h2><span class=\"pix-promo-box-link d-flex align-items-center font-weight-bold text-light-opacity-6 \" ><span>Num\u00e9ro gratuit 0800 900 900<\/span><svg class=\"pixfort-icon pix-hover-right pix-hover-item pix-ml-5\" width=\"24\" height=\"24\"  data-name=\"Line\/pixfort-icon-arrow-right-2\" viewBox=\"2 2 20 20\"><polyline fill=\"none\" stroke=\"var(--pf-icon-color)\" stroke-linecap=\"round\" stroke-linejoin=\"round\" stroke-width=\"var(--pf-icon-stroke-width)\" points=\"9.5 17 14.5 12 9.5 7\"\/><\/svg><\/span><\/div><\/a><\/div><\/div>\t\t\t\t<\/div>\n\t\t\t\t<\/div>\n\t\t\t\t\t<\/div>\n\t\t<\/div>\n\t\t\t\t<div class=\"elementor-column elementor-col-33 elementor-inner-column elementor-element elementor-element-1684aa55\" data-id=\"1684aa55\" data-element_type=\"column\">\n\t\t\t<div class=\"elementor-widget-wrap elementor-element-populated\">\n\t\t\t\t\t\t<div class=\"elementor-element elementor-element-58adacda elementor-invisible elementor-widget elementor-widget-pix-promo-box\" data-id=\"58adacda\" data-element_type=\"widget\" data-widget_type=\"pix-promo-box.default\">\n\t\t\t\t<div class=\"elementor-widget-container\">\n\t\t\t\t\t<div class=\"animate-in w-100\" data-anim-type=\"pix-3d-down-in\" data-anim-delay=\"300\"><div class=\"pix-promo-box card w-100 bg-heading-default  pix-hover-item rounded-10 position-relative overflow-hidden text-white    text-left w-100 d-block\"  ><img decoding=\"async\" src=\"https:\/\/www.gigamobile.ch\/wp-content\/uploads\/2025\/07\/kontakt_email-scaled.jpg\" class=\"card-img pix-bg-image pix-img-scale h-100 rounded-10 pix-opacity-6 pix-hover-opacity-4\" alt=\"E-mail\"><a href=\"https:\/\/mygiga.ch\/contact.php\" target=\"_blank\" class=\"d-inline-block w-100 pix-img-overlay pix-p-20 d-flex align-items-end\" style=\"min-height:200px;\"><div class=\"w-100\"><div class=\"\"><span class=\"pix-badge-element custom d-inline-flex mr-1 \"  ><span class=\"badge font-weight-bold secondary-font  bg-dark-opacity-3  \" style=\"font-size:12px; \"><span class=\"text-white\" style=\"\">24 \/ 7<\/span><\/span><\/span><\/div><h2 class=\"card-title font-weight-bold secondary-font text-white pix-my-10\" style=\"\">E-mail<\/h2><span class=\"pix-promo-box-link d-flex align-items-center font-weight-bold text-light-opacity-6 \" ><span>Acc\u00e9der au formulaire de contact<\/span><svg class=\"pixfort-icon pix-hover-right pix-hover-item pix-ml-5\" width=\"24\" height=\"24\"  data-name=\"Line\/pixfort-icon-arrow-right-2\" viewBox=\"2 2 20 20\"><polyline fill=\"none\" stroke=\"var(--pf-icon-color)\" stroke-linecap=\"round\" stroke-linejoin=\"round\" stroke-width=\"var(--pf-icon-stroke-width)\" points=\"9.5 17 14.5 12 9.5 7\"\/><\/svg><\/span><\/div><\/a><\/div><\/div>\t\t\t\t<\/div>\n\t\t\t\t<\/div>\n\t\t\t\t\t<\/div>\n\t\t<\/div>\n\t\t\t\t<div class=\"elementor-column elementor-col-33 elementor-inner-column elementor-element elementor-element-542d74e3\" data-id=\"542d74e3\" data-element_type=\"column\">\n\t\t\t<div class=\"elementor-widget-wrap elementor-element-populated\">\n\t\t\t\t\t\t<div class=\"elementor-element elementor-element-defd074 elementor-invisible elementor-widget elementor-widget-pix-promo-box\" data-id=\"defd074\" data-element_type=\"widget\" data-widget_type=\"pix-promo-box.default\">\n\t\t\t\t<div class=\"elementor-widget-container\">\n\t\t\t\t\t<div class=\"animate-in w-100\" data-anim-type=\"pix-3d-down-in\" data-anim-delay=\"600\"><div class=\"pix-promo-box card w-100 bg-heading-default  pix-hover-item rounded-10 position-relative overflow-hidden text-white    text-left w-100 d-block\"  ><img decoding=\"async\" src=\"https:\/\/www.gigamobile.ch\/wp-content\/uploads\/2025\/07\/kontakt_whatsapp-scaled.jpg\" class=\"card-img pix-bg-image pix-img-scale h-100 rounded-10 pix-opacity-6 pix-hover-opacity-4\" alt=\"Whatsapp\"><a href=\"#\" target=\"_blank\" class=\"d-inline-block w-100 pix-img-overlay pix-p-20 d-flex align-items-end\" style=\"min-height:200px;\"><div class=\"w-100\"><div class=\"\"><span class=\"pix-badge-element custom d-inline-flex mr-1 \"  ><span class=\"badge font-weight-bold secondary-font  bg-dark-opacity-3  \" style=\"font-size:12px; \"><span class=\"text-white\" style=\"\">Chat<\/span><\/span><\/span><\/div><h2 class=\"card-title font-weight-bold secondary-font text-white pix-my-10\" style=\"\">Whatsapp<\/h2><span class=\"pix-promo-box-link d-flex align-items-center font-weight-bold text-light-opacity-6 \" ><span>Bient\u00f4t disponible (nouveau)<\/span><svg class=\"pixfort-icon pix-hover-right pix-hover-item pix-ml-5\" width=\"24\" height=\"24\"  data-name=\"Line\/pixfort-icon-arrow-right-2\" viewBox=\"2 2 20 20\"><polyline fill=\"none\" stroke=\"var(--pf-icon-color)\" stroke-linecap=\"round\" stroke-linejoin=\"round\" stroke-width=\"var(--pf-icon-stroke-width)\" points=\"9.5 17 14.5 12 9.5 7\"\/><\/svg><\/span><\/div><\/a><\/div><\/div>\t\t\t\t<\/div>\n\t\t\t\t<\/div>\n\t\t\t\t\t<\/div>\n\t\t<\/div>\n\t\t\t\t\t<\/div>\n\t\t<\/section>\n\t\t\t\t\t<\/div>\n\t\t<\/div>\n\t\t\t\t\t<\/div>\n\t\t<\/section>\n\t\t\t\t<section class=\"elementor-section elementor-top-section elementor-element elementor-element-a2f42ea elementor-section-boxed elementor-section-height-default elementor-section-height-default\" data-id=\"a2f42ea\" data-element_type=\"section\">\n\t\t\t\t\t\t<div class=\"elementor-container elementor-column-gap-default\">\n\t\t\t\t\t<div class=\"elementor-column elementor-col-33 elementor-top-column elementor-element elementor-element-28456d4\" data-id=\"28456d4\" data-element_type=\"column\">\n\t\t\t<div class=\"elementor-widget-wrap elementor-element-populated\">\n\t\t\t\t\t\t<div class=\"elementor-element elementor-element-8ebd908 elementor-invisible elementor-widget elementor-widget-pix-badge\" data-id=\"8ebd908\" data-element_type=\"widget\" data-widget_type=\"pix-badge.default\">\n\t\t\t\t<div class=\"elementor-widget-container\">\n\t\t\t\t\t<span class=\"pix-badge-element h6 d-inline-flex mr-1 animate-in\" data-anim-type=\"fade-in-up\" data-anim-delay=\"0\"><span class=\"badge font-weight-bold secondary-font  bg-gray-2  \" style=\" \"><span class=\"text-heading-default\" style=\"\">Essayer soi-m\u00eame<\/span><\/span><\/span>\t\t\t\t<\/div>\n\t\t\t\t<\/div>\n\t\t\t\t<div class=\"elementor-element elementor-element-5e56f5a elementor-widget elementor-widget-pix-sliding-text\" data-id=\"5e56f5a\" data-element_type=\"widget\" data-widget_type=\"pix-sliding-text.default\">\n\t\t\t\t<div class=\"elementor-widget-container\">\n\t\t\t\t\t<div id=\"el-5e56f5a\" class=\"mb-3 text-left \"><div class=\"d-inline-block\" style=\"max-width:500px;\"><h3 class=\"mb-32 pix-sliding-headline-2 animate-in font-weight-bold secondary-font \" data-anim-type=\"pix-sliding-text\" pix-anim-delay=\"500\" data-class=\"secondary-font text-heading-default\" style=\"\"><span class=\"slide-in-container \"><span class=\"pix-sliding-item secondary-font text-heading-default\" style=\"transition-delay: 0ms;\">Tous&#32;<\/span><\/span> <span class=\"slide-in-container \"><span class=\"pix-sliding-item secondary-font text-heading-default\" style=\"transition-delay: 150ms;\">les&#32;<\/span><\/span> <span class=\"slide-in-container \"><span class=\"pix-sliding-item secondary-font text-heading-default\" style=\"transition-delay: 300ms;\">guides&#32;<\/span><\/span> <span class=\"slide-in-container \"><span class=\"pix-sliding-item secondary-font text-heading-default\" style=\"transition-delay: 450ms;\">en&#32;<\/span><\/span> <span class=\"slide-in-container \"><span class=\"pix-sliding-item secondary-font text-heading-default\" style=\"transition-delay: 600ms;\">un&#32;<\/span><\/span> <span class=\"slide-in-container \"><span class=\"pix-sliding-item secondary-font text-heading-default\" style=\"transition-delay: 750ms;\">coup&#32;<\/span><\/span> <span class=\"slide-in-container \"><span class=\"pix-sliding-item secondary-font text-heading-default\" style=\"transition-delay: 900ms;\">d'\u0153il.&#32;<\/span><\/span> <\/h3><\/div><\/div>\t\t\t\t<\/div>\n\t\t\t\t<\/div>\n\t\t\t\t<div class=\"elementor-element elementor-element-277a1ea elementor-invisible elementor-widget elementor-widget-pix-text\" data-id=\"277a1ea\" data-element_type=\"widget\" data-widget_type=\"pix-text.default\">\n\t\t\t\t<div class=\"elementor-widget-container\">\n\t\t\t\t\t<div class=\"pix-el-text w-100 text-left \" ><p class=\"text-18 resp-option text-body-default text-left \" ><span class=\"text-body-default animate-in d-inline-block\" data-anim-delay=\"600\" data-anim-type=\"fade-in-up\">Nos guides offrent des solutions simples, \u00e9tape par \u00e9tape, rapides, compr\u00e9hensibles et disponibles \u00e0 tout moment.\n<\/span><\/p><\/div>\t\t\t\t<\/div>\n\t\t\t\t<\/div>\n\t\t\t\t<div class=\"elementor-element elementor-element-eaeebf2 elementor-widget elementor-widget-pix-button\" data-id=\"eaeebf2\" data-element_type=\"widget\" data-widget_type=\"pix-button.default\">\n\t\t\t\t<div class=\"elementor-widget-container\">\n\t\t\t\t\t<a  href=\"https:\/\/mygiga.ch\/index.php?rp=\/knowledgebase\" class=\"btn m-0      btn-underline-gray-7 d-inline-flex align-items-center pix-hover-item  no-padding   secondary-font  animate-in btn-md\" target=\"_blank\" rel=\"noopener\"  data-anim-type=\"fade-in-left\" data-anim-delay=\"600\" ><svg class=\"pixfort-icon font-weight-bold  pix-hover-left  mr-2\" width=\"24\" height=\"24\"  data-name=\"Line\/pixfort-icon-arrow-right-2\" viewBox=\"2 2 20 20\"><polyline fill=\"none\" stroke=\"var(--pf-icon-color)\" stroke-linecap=\"round\" stroke-linejoin=\"round\" stroke-width=\"var(--pf-icon-stroke-width)\" points=\"9.5 17 14.5 12 9.5 7\"\/><\/svg><span class=\"font-weight-bold \" >Acc\u00e9der \u00e0 la base de connaissances<\/span><\/a>\t\t\t\t<\/div>\n\t\t\t\t<\/div>\n\t\t\t\t\t<\/div>\n\t\t<\/div>\n\t\t\t\t<div class=\"elementor-column elementor-col-33 elementor-top-column elementor-element elementor-element-c52c581\" data-id=\"c52c581\" data-element_type=\"column\">\n\t\t\t<div class=\"elementor-widget-wrap elementor-element-populated\">\n\t\t\t\t\t\t<div class=\"elementor-element elementor-element-ee8e358 elementor-widget elementor-widget-pix-photo-box\" data-id=\"ee8e358\" data-element_type=\"widget\" data-widget_type=\"pix-photo-box.default\">\n\t\t\t\t<div class=\"elementor-widget-container\">\n\t\t\t\t\t<div class=\"card w-100 h-100 bg-heading-default bg-transparent   text-left w-100 d-inline-flex pix-hover-item rounded-10 position-relative overflow-hidden text-white\" ><img decoding=\"async\" srcset=\"https:\/\/www.gigamobile.ch\/wp-content\/uploads\/2025\/07\/anleitungen_mobile-300x200.jpg 300w, https:\/\/www.gigamobile.ch\/wp-content\/uploads\/2025\/07\/anleitungen_mobile-1024x683.jpg 1024w, https:\/\/www.gigamobile.ch\/wp-content\/uploads\/2025\/07\/anleitungen_mobile-768x512.jpg 768w, https:\/\/www.gigamobile.ch\/wp-content\/uploads\/2025\/07\/anleitungen_mobile-1536x1025.jpg 1536w, https:\/\/www.gigamobile.ch\/wp-content\/uploads\/2025\/07\/anleitungen_mobile-2048x1366.jpg 2048w\" src=\"https:\/\/www.gigamobile.ch\/wp-content\/uploads\/2025\/07\/anleitungen_mobile-scaled.jpg\" class=\"card-img pix-bg-image h-100 pix-img-scale pix-opacity-10 rounded-10 pix-hover-colored\" alt=\"Mobile\"><a href=\"https:\/\/mygiga.ch\/index.php?rp=\/knowledgebase\/32\/Anleitungen-Mobile\" target=\"_blank\" class=\"d-inline-block w-100 pix-img-overlay pix-p-10 d-flex align-items-end\" style=\"min-height:450px;\"><div class=\"w-100\"><div class=\"card-content-box pix-p-20 rounded-10 w-100 shadow  bg-dynamic-background d-flex justify-content-between align-items-center\"><h6 class=\"card-title font-weight-bold secondary-font  text-heading-default m-0 w-100\" style=\"\">Mobile<\/h6><h6 class=\"d-inline-flex align-middle text-heading-default\" style=\"\"><svg class=\"pixfort-icon \" width=\"24\" height=\"24\"  data-name=\"Line\/pixfort-icon-arrow-right-2\" viewBox=\"2 2 20 20\"><polyline fill=\"none\" stroke=\"var(--pf-icon-color)\" stroke-linecap=\"round\" stroke-linejoin=\"round\" stroke-width=\"var(--pf-icon-stroke-width)\" points=\"9.5 17 14.5 12 9.5 7\"\/><\/svg><\/h6><\/div><\/div><\/a><\/div>\t\t\t\t<\/div>\n\t\t\t\t<\/div>\n\t\t\t\t\t<\/div>\n\t\t<\/div>\n\t\t\t\t<div class=\"elementor-column elementor-col-33 elementor-top-column elementor-element elementor-element-61803a9\" data-id=\"61803a9\" data-element_type=\"column\">\n\t\t\t<div class=\"elementor-widget-wrap elementor-element-populated\">\n\t\t\t\t\t\t<div class=\"elementor-element elementor-element-95186a3 elementor-widget elementor-widget-pix-photo-box\" data-id=\"95186a3\" data-element_type=\"widget\" data-widget_type=\"pix-photo-box.default\">\n\t\t\t\t<div class=\"elementor-widget-container\">\n\t\t\t\t\t<div class=\"card w-100 h-100 bg-heading-default bg-transparent   text-left w-100 d-inline-flex pix-hover-item rounded-10 position-relative overflow-hidden text-white\" ><img decoding=\"async\" srcset=\"https:\/\/www.gigamobile.ch\/wp-content\/uploads\/2025\/07\/anleitungen_internet-300x200.jpg 300w, https:\/\/www.gigamobile.ch\/wp-content\/uploads\/2025\/07\/anleitungen_internet-1024x683.jpg 1024w, https:\/\/www.gigamobile.ch\/wp-content\/uploads\/2025\/07\/anleitungen_internet-768x512.jpg 768w, https:\/\/www.gigamobile.ch\/wp-content\/uploads\/2025\/07\/anleitungen_internet-1536x1024.jpg 1536w, https:\/\/www.gigamobile.ch\/wp-content\/uploads\/2025\/07\/anleitungen_internet-2048x1365.jpg 2048w\" src=\"https:\/\/www.gigamobile.ch\/wp-content\/uploads\/2025\/07\/anleitungen_internet-scaled.jpg\" class=\"card-img pix-bg-image h-100 pix-img-scale pix-opacity-10 rounded-10 pix-hover-colored\" alt=\"Internet\"><a href=\"https:\/\/mygiga.ch\/index.php?rp=\/knowledgebase\/4\/Anleitungen-Router\" target=\"_blank\" class=\"d-inline-block w-100 pix-img-overlay pix-p-10 d-flex align-items-end\" style=\"min-height:450px;\"><div class=\"w-100\"><div class=\"card-content-box pix-p-20 rounded-10 w-100 shadow  bg-dynamic-background d-flex justify-content-between align-items-center\"><h6 class=\"card-title font-weight-bold secondary-font  text-heading-default m-0 w-100\" style=\"\">Internet<\/h6><h6 class=\"d-inline-flex align-middle text-heading-default\" style=\"\"><svg class=\"pixfort-icon \" width=\"24\" height=\"24\"  data-name=\"Line\/pixfort-icon-arrow-right-2\" viewBox=\"2 2 20 20\"><polyline fill=\"none\" stroke=\"var(--pf-icon-color)\" stroke-linecap=\"round\" stroke-linejoin=\"round\" stroke-width=\"var(--pf-icon-stroke-width)\" points=\"9.5 17 14.5 12 9.5 7\"\/><\/svg><\/h6><\/div><\/div><\/a><\/div>\t\t\t\t<\/div>\n\t\t\t\t<\/div>\n\t\t\t\t\t<\/div>\n\t\t<\/div>\n\t\t\t\t\t<\/div>\n\t\t<\/section>\n\t\t\t\t<section class=\"elementor-section elementor-top-section elementor-element elementor-element-74fb9d29 elementor-section-boxed elementor-section-height-default elementor-section-height-default\" data-id=\"74fb9d29\" data-element_type=\"section\">\n\t\t\t\t\t\t<div class=\"elementor-container elementor-column-gap-default\">\n\t\t\t\t\t<div class=\"elementor-column elementor-col-33 elementor-top-column elementor-element elementor-element-421e2975\" data-id=\"421e2975\" data-element_type=\"column\">\n\t\t\t<div class=\"elementor-widget-wrap\">\n\t\t\t\t\t\t\t<\/div>\n\t\t<\/div>\n\t\t\t\t<div class=\"elementor-column elementor-col-33 elementor-top-column elementor-element elementor-element-3448784d\" data-id=\"3448784d\" data-element_type=\"column\">\n\t\t\t<div class=\"elementor-widget-wrap elementor-element-populated\">\n\t\t\t\t\t\t<div class=\"elementor-element elementor-element-797e65c9 elementor-widget elementor-widget-pix-photo-box\" data-id=\"797e65c9\" data-element_type=\"widget\" data-widget_type=\"pix-photo-box.default\">\n\t\t\t\t<div class=\"elementor-widget-container\">\n\t\t\t\t\t<div class=\"card w-100 h-100 bg-heading-default bg-transparent   text-left w-100 d-inline-flex pix-hover-item rounded-10 position-relative overflow-hidden text-white\" ><img decoding=\"async\" srcset=\"https:\/\/www.gigamobile.ch\/wp-content\/uploads\/2025\/07\/kontakt_tv-300x200.jpg 300w, https:\/\/www.gigamobile.ch\/wp-content\/uploads\/2025\/07\/kontakt_tv-1024x683.jpg 1024w, https:\/\/www.gigamobile.ch\/wp-content\/uploads\/2025\/07\/kontakt_tv-768x512.jpg 768w, https:\/\/www.gigamobile.ch\/wp-content\/uploads\/2025\/07\/kontakt_tv-1536x1024.jpg 1536w, https:\/\/www.gigamobile.ch\/wp-content\/uploads\/2025\/07\/kontakt_tv-2048x1365.jpg 2048w\" src=\"https:\/\/www.gigamobile.ch\/wp-content\/uploads\/2025\/07\/kontakt_tv-scaled.jpg\" class=\"card-img pix-bg-image h-100 pix-img-scale pix-opacity-10 rounded-10 pix-hover-colored\" alt=\"TV\"><a href=\"https:\/\/mygiga.ch\/index.php?rp=\/knowledgebase\/6\/Anleitung-TV-Boxen\" target=\"_blank\" class=\"d-inline-block w-100 pix-img-overlay pix-p-10 d-flex align-items-end\" style=\"min-height:450px;\"><div class=\"w-100\"><div class=\"card-content-box pix-p-20 rounded-10 w-100 shadow  bg-dynamic-background d-flex justify-content-between align-items-center\"><h6 class=\"card-title font-weight-bold secondary-font  text-heading-default m-0 w-100\" style=\"\">TV<\/h6><h6 class=\"d-inline-flex align-middle text-heading-default\" style=\"\"><svg class=\"pixfort-icon \" width=\"24\" height=\"24\"  data-name=\"Line\/pixfort-icon-arrow-right-2\" viewBox=\"2 2 20 20\"><polyline fill=\"none\" stroke=\"var(--pf-icon-color)\" stroke-linecap=\"round\" stroke-linejoin=\"round\" stroke-width=\"var(--pf-icon-stroke-width)\" points=\"9.5 17 14.5 12 9.5 7\"\/><\/svg><\/h6><\/div><\/div><\/a><\/div>\t\t\t\t<\/div>\n\t\t\t\t<\/div>\n\t\t\t\t\t<\/div>\n\t\t<\/div>\n\t\t\t\t<div class=\"elementor-column elementor-col-33 elementor-top-column elementor-element elementor-element-7f4987db\" data-id=\"7f4987db\" data-element_type=\"column\">\n\t\t\t<div class=\"elementor-widget-wrap elementor-element-populated\">\n\t\t\t\t\t\t<div class=\"elementor-element elementor-element-d493031 elementor-widget elementor-widget-pix-photo-box\" data-id=\"d493031\" data-element_type=\"widget\" data-widget_type=\"pix-photo-box.default\">\n\t\t\t\t<div class=\"elementor-widget-container\">\n\t\t\t\t\t<div class=\"card w-100 h-100 bg-heading-default bg-transparent   text-left w-100 d-inline-flex pix-hover-item rounded-10 position-relative overflow-hidden text-white\" ><img decoding=\"async\" srcset=\"https:\/\/www.gigamobile.ch\/wp-content\/uploads\/2025\/07\/anleitungen_formular-300x200.jpg 300w, https:\/\/www.gigamobile.ch\/wp-content\/uploads\/2025\/07\/anleitungen_formular-1024x683.jpg 1024w, https:\/\/www.gigamobile.ch\/wp-content\/uploads\/2025\/07\/anleitungen_formular-768x512.jpg 768w, https:\/\/www.gigamobile.ch\/wp-content\/uploads\/2025\/07\/anleitungen_formular-1536x1025.jpg 1536w, https:\/\/www.gigamobile.ch\/wp-content\/uploads\/2025\/07\/anleitungen_formular-2048x1366.jpg 2048w\" src=\"https:\/\/www.gigamobile.ch\/wp-content\/uploads\/2025\/07\/anleitungen_formular-scaled.jpg\" class=\"card-img pix-bg-image h-100 pix-img-scale pix-opacity-10 rounded-10 pix-hover-colored\" alt=\"Formulaires\"><a href=\"https:\/\/mygiga.ch\/index.php?rp=\/knowledgebase\/8\/Formulare\" target=\"_blank\" class=\"d-inline-block w-100 pix-img-overlay pix-p-10 d-flex align-items-end\" style=\"min-height:450px;\"><div class=\"w-100\"><div class=\"card-content-box pix-p-20 rounded-10 w-100 shadow  bg-dynamic-background d-flex justify-content-between align-items-center\"><h6 class=\"card-title font-weight-bold secondary-font  text-heading-default m-0 w-100\" style=\"\">Formulaires<\/h6><h6 class=\"d-inline-flex align-middle text-heading-default\" style=\"\"><svg class=\"pixfort-icon \" width=\"24\" height=\"24\"  data-name=\"Line\/pixfort-icon-arrow-right-2\" viewBox=\"2 2 20 20\"><polyline fill=\"none\" stroke=\"var(--pf-icon-color)\" stroke-linecap=\"round\" stroke-linejoin=\"round\" stroke-width=\"var(--pf-icon-stroke-width)\" points=\"9.5 17 14.5 12 9.5 7\"\/><\/svg><\/h6><\/div><\/div><\/a><\/div>\t\t\t\t<\/div>\n\t\t\t\t<\/div>\n\t\t\t\t\t<\/div>\n\t\t<\/div>\n\t\t\t\t\t<\/div>\n\t\t<\/section>\n\t\t<div class=\"elementor-element elementor-element-106461b e-flex e-con-boxed e-con e-parent\" data-id=\"106461b\" data-element_type=\"container\">\n\t\t\t\t\t<div class=\"e-con-inner\">\n\t\t\t\t\t<\/div>\n\t\t\t\t<\/div>\n\t\t\t\t<\/div>\n\t\t","protected":false},"excerpt":{"rendered":"<p>Contact \/ Service client Comment&#32; souhaitez-vous&#32; nous&#32; contacter\u00a0?&#32; Notre service client est aimable, comp\u00e9tent et vous aide rapidement en cas de questions, de probl\u00e8mes ou de demandes. Gratuit Appeler Num\u00e9ro gratuit 0800 900 900 24 \/ 7 E-mail Acc\u00e9der au&#8230;<\/p>\n","protected":false},"author":1,"featured_media":0,"parent":0,"menu_order":0,"comment_status":"closed","ping_status":"closed","template":"","meta":{"footnotes":""},"class_list":["post-19440","page","type-page","status-publish","hentry"],"_links":{"self":[{"href":"https:\/\/www.gigamobile.ch\/fr\/wp-json\/wp\/v2\/pages\/19440","targetHints":{"allow":["GET"]}}],"collection":[{"href":"https:\/\/www.gigamobile.ch\/fr\/wp-json\/wp\/v2\/pages"}],"about":[{"href":"https:\/\/www.gigamobile.ch\/fr\/wp-json\/wp\/v2\/types\/page"}],"author":[{"embeddable":true,"href":"https:\/\/www.gigamobile.ch\/fr\/wp-json\/wp\/v2\/users\/1"}],"replies":[{"embeddable":true,"href":"https:\/\/www.gigamobile.ch\/fr\/wp-json\/wp\/v2\/comments?post=19440"}],"version-history":[{"count":2,"href":"https:\/\/www.gigamobile.ch\/fr\/wp-json\/wp\/v2\/pages\/19440\/revisions"}],"predecessor-version":[{"id":19443,"href":"https:\/\/www.gigamobile.ch\/fr\/wp-json\/wp\/v2\/pages\/19440\/revisions\/19443"}],"wp:attachment":[{"href":"https:\/\/www.gigamobile.ch\/fr\/wp-json\/wp\/v2\/media?parent=19440"}],"curies":[{"name":"wp","href":"https:\/\/api.w.org\/{rel}","templated":true}]}}